{"id":4,"date":"2018-11-27T09:16:54","date_gmt":"2018-11-27T09:16:54","guid":{"rendered":"https:\/\/comerciodearomatizantes.com\/home\/home\/"},"modified":"2024-06-07T09:53:23","modified_gmt":"2024-06-07T12:53:23","slug":"home","status":"publish","type":"page","link":"https:\/\/comerciodearomatizantes.com\/home\/","title":{"rendered":"Home"},"content":{"rendered":"\t\t<div data-elementor-type=\"wp-page\" data-elementor-id=\"4\" class=\"elementor elementor-4\">\n\t\t\t\t\t\t<section class=\"elementor-section elementor-top-section elementor-element elementor-element-c50838b elementor-section-height-min-height elementor-section-boxed elementor-section-height-default elementor-section-items-middle\" data-id=\"c50838b\" data-element_type=\"section\" data-settings=\"{&quot;background_background&quot;:&quot;classic&quot;}\">\n\t\t\t\t\t\t\t<div class=\"elementor-background-overlay\"><\/div>\n\t\t\t\t\t\t\t<div class=\"elementor-container elementor-column-gap-default\">\n\t\t\t\t\t<div class=\"elementor-column elementor-col-100 elementor-top-column elementor-element elementor-element-55b0429\" data-id=\"55b0429\" data-element_type=\"column\">\n\t\t\t<div class=\"elementor-widget-wrap elementor-element-populated\">\n\t\t\t\t\t\t<div class=\"elementor-element elementor-element-3428592 elementor-widget__width-initial elementor-widget elementor-widget-heading\" data-id=\"3428592\" data-element_type=\"widget\" data-widget_type=\"heading.default\">\n\t\t\t\t<div class=\"elementor-widget-container\">\n\t\t\t\t\t<h3 class=\"elementor-heading-title elementor-size-default\">Ana Salis<\/h3>\t\t\t\t<\/div>\n\t\t\t\t<\/div>\n\t\t\t\t<div class=\"elementor-element elementor-element-453e782 elementor-widget elementor-widget-heading\" data-id=\"453e782\" data-element_type=\"widget\" data-widget_type=\"heading.default\">\n\t\t\t\t<div class=\"elementor-widget-container\">\n\t\t\t\t\t<h1 class=\"elementor-heading-title elementor-size-default\">Com\u00e9rcio de Aromatizantes<\/h1>\t\t\t\t<\/div>\n\t\t\t\t<\/div>\n\t\t\t\t\t<\/div>\n\t\t<\/div>\n\t\t\t\t\t<\/div>\n\t\t<\/section>\n\t\t\t\t<section class=\"elementor-section elementor-top-section elementor-element elementor-element-2d698am elementor-section-full_width elementor-section-content-middle elementor-section-height-default elementor-section-height-default\" data-id=\"2d698am\" data-element_type=\"section\" data-settings=\"{&quot;background_background&quot;:&quot;classic&quot;}\">\n\t\t\t\t\t\t<div class=\"elementor-container elementor-column-gap-no\">\n\t\t\t\t\t<div class=\"elementor-column elementor-col-50 elementor-top-column elementor-element elementor-element-4292f5a\" data-id=\"4292f5a\" data-element_type=\"column\">\n\t\t\t<div class=\"elementor-widget-wrap elementor-element-populated\">\n\t\t\t\t\t\t<div class=\"elementor-element elementor-element-6d93f44 elementor-widget elementor-widget-image\" data-id=\"6d93f44\" data-element_type=\"widget\" data-widget_type=\"image.default\">\n\t\t\t\t<div class=\"elementor-widget-container\">\n\t\t\t\t\t\t\t\t\t\t\t\t\t\t\t<img fetchpriority=\"high\" decoding=\"async\" width=\"2560\" height=\"1707\" src=\"https:\/\/comerciodearomatizantes.com\/wp-content\/uploads\/2024\/05\/AdobeStock_294423095-scaled.jpeg\" class=\"attachment-full size-full wp-image-5147\" alt=\"\" srcset=\"https:\/\/comerciodearomatizantes.com\/wp-content\/uploads\/2024\/05\/AdobeStock_294423095-scaled.jpeg 2560w, https:\/\/comerciodearomatizantes.com\/wp-content\/uploads\/2024\/05\/AdobeStock_294423095-300x200.jpeg 300w, https:\/\/comerciodearomatizantes.com\/wp-content\/uploads\/2024\/05\/AdobeStock_294423095-1024x683.jpeg 1024w, https:\/\/comerciodearomatizantes.com\/wp-content\/uploads\/2024\/05\/AdobeStock_294423095-768x512.jpeg 768w, https:\/\/comerciodearomatizantes.com\/wp-content\/uploads\/2024\/05\/AdobeStock_294423095-1536x1024.jpeg 1536w, https:\/\/comerciodearomatizantes.com\/wp-content\/uploads\/2024\/05\/AdobeStock_294423095-2048x1365.jpeg 2048w\" sizes=\"(max-width: 2560px) 100vw, 2560px\" \/>\t\t\t\t\t\t\t\t\t\t\t\t\t\t\t<\/div>\n\t\t\t\t<\/div>\n\t\t\t\t\t<\/div>\n\t\t<\/div>\n\t\t\t\t<div class=\"elementor-column elementor-col-50 elementor-top-column elementor-element elementor-element-a8c8ff0\" data-id=\"a8c8ff0\" data-element_type=\"column\">\n\t\t\t<div class=\"elementor-widget-wrap elementor-element-populated\">\n\t\t\t\t\t\t<section class=\"elementor-section elementor-inner-section elementor-element elementor-element-a893ccd elementor-section-boxed elementor-section-height-default elementor-section-height-default\" data-id=\"a893ccd\" data-element_type=\"section\">\n\t\t\t\t\t\t<div class=\"elementor-container elementor-column-gap-no\">\n\t\t\t\t\t<div class=\"elementor-column elementor-col-100 elementor-inner-column elementor-element elementor-element-6534f2c\" data-id=\"6534f2c\" data-element_type=\"column\">\n\t\t\t<div class=\"elementor-widget-wrap elementor-element-populated\">\n\t\t\t\t\t\t<div class=\"elementor-element elementor-element-1fb3e86 elementor-widget__width-initial elementor-widget elementor-widget-heading\" data-id=\"1fb3e86\" data-element_type=\"widget\" data-widget_type=\"heading.default\">\n\t\t\t\t<div class=\"elementor-widget-container\">\n\t\t\t\t\t<h3 class=\"elementor-heading-title elementor-size-default\">Os aromas s\u00e3o sua marca\u200b\u200b<\/h3>\t\t\t\t<\/div>\n\t\t\t\t<\/div>\n\t\t\t\t<div class=\"elementor-element elementor-element-2d62856 elementor-widget elementor-widget-text-editor\" data-id=\"2d62856\" data-element_type=\"widget\" data-widget_type=\"text-editor.default\">\n\t\t\t\t<div class=\"elementor-widget-container\">\n\t\t\t\t\t\t\t\t\t<p>Encontre a transforma\u00e7\u00e3o na magia dos aromas. Desfrute da serenidade, da eleva\u00e7\u00e3o e do sucesso que nossas fragr\u00e2ncias podem trazer.<\/p>\t\t\t\t\t\t\t\t<\/div>\n\t\t\t\t<\/div>\n\t\t\t\t<div class=\"elementor-element elementor-element-3b0f399 elementor-align-left elementor-tablet-align-center elementor-widget elementor-widget-button\" data-id=\"3b0f399\" data-element_type=\"widget\" data-widget_type=\"button.default\">\n\t\t\t\t<div class=\"elementor-widget-container\">\n\t\t\t\t\t\t\t\t\t<div class=\"elementor-button-wrapper\">\n\t\t\t\t\t<a class=\"elementor-button elementor-button-link elementor-size-sm elementor-animation-shrink\" href=\"https:\/\/comerciodearomatizantes.com\/home\/servicos\">\n\t\t\t\t\t\t<span class=\"elementor-button-content-wrapper\">\n\t\t\t\t\t\t\t\t\t<span class=\"elementor-button-text\">Nossos servi\u00e7os<\/span>\n\t\t\t\t\t<\/span>\n\t\t\t\t\t<\/a>\n\t\t\t\t<\/div>\n\t\t\t\t\t\t\t\t<\/div>\n\t\t\t\t<\/div>\n\t\t\t\t\t<\/div>\n\t\t<\/div>\n\t\t\t\t\t<\/div>\n\t\t<\/section>\n\t\t\t\t\t<\/div>\n\t\t<\/div>\n\t\t\t\t\t<\/div>\n\t\t<\/section>\n\t\t\t\t<section class=\"elementor-section elementor-top-section elementor-element elementor-element-51a5e63 elementor-section-boxed elementor-section-height-default elementor-section-height-default\" data-id=\"51a5e63\" data-element_type=\"section\" data-settings=\"{&quot;background_background&quot;:&quot;classic&quot;}\">\n\t\t\t\t\t\t\t<div class=\"elementor-background-overlay\"><\/div>\n\t\t\t\t\t\t\t<div class=\"elementor-container elementor-column-gap-default\">\n\t\t\t\t\t<div class=\"elementor-column elementor-col-100 elementor-top-column elementor-element elementor-element-3235d7c\" data-id=\"3235d7c\" data-element_type=\"column\">\n\t\t\t<div class=\"elementor-widget-wrap elementor-element-populated\">\n\t\t\t\t\t\t<div class=\"elementor-element elementor-element-1edb608 elementor-widget__width-initial elementor-widget elementor-widget-heading\" data-id=\"1edb608\" data-element_type=\"widget\" data-widget_type=\"heading.default\">\n\t\t\t\t<div class=\"elementor-widget-container\">\n\t\t\t\t\t<h3 class=\"elementor-heading-title elementor-size-default\">Experi\u00eancia sensorial completa<\/h3>\t\t\t\t<\/div>\n\t\t\t\t<\/div>\n\t\t\t\t<div class=\"elementor-element elementor-element-d4959d6 elementor-widget elementor-widget-text-editor\" data-id=\"d4959d6\" data-element_type=\"widget\" data-widget_type=\"text-editor.default\">\n\t\t\t\t<div class=\"elementor-widget-container\">\n\t\t\t\t\t\t\t\t\t<p>Oferecemos uma experi\u00eancia sensorial completa, onde nossos equipamentos de \u00faltima gera\u00e7\u00e3o criam n\u00e9voas de fragr\u00e2ncias que n\u00e3o\u00a0 apenas perfumam, mas tamb\u00e9m neutralizam odores desagrad\u00e1veis, garantindo um ambiente acolhedor e confort\u00e1vel para todos os sentidos, e claro, n\u00e3o engorduram ou emba\u00e7am as lentes.<\/p>\t\t\t\t\t\t\t\t<\/div>\n\t\t\t\t<\/div>\n\t\t\t\t\t<\/div>\n\t\t<\/div>\n\t\t\t\t\t<\/div>\n\t\t<\/section>\n\t\t\t\t<\/div>\n\t\t","protected":false},"excerpt":{"rendered":"<p>Ana Salis Com\u00e9rcio de Aromatizantes Os aromas s\u00e3o sua marca\u200b\u200b Encontre a transforma\u00e7\u00e3o na magia dos aromas. Desfrute da serenidade, da eleva\u00e7\u00e3o e do sucesso que nossas fragr\u00e2ncias podem trazer. Nossos servi\u00e7os Experi\u00eancia sensorial completa Oferecemos uma experi\u00eancia sensorial completa, onde nossos equipamentos de \u00faltima gera\u00e7\u00e3o criam n\u00e9voas de fragr\u00e2ncias que n\u00e3o\u00a0 apenas perfumam, mas [&hellip;]<\/p>\n","protected":false},"author":1,"featured_media":0,"parent":0,"menu_order":0,"comment_status":"closed","ping_status":"closed","template":"","meta":{"site-sidebar-layout":"no-sidebar","site-content-layout":"page-builder","ast-site-content-layout":"","site-content-style":"default","site-sidebar-style":"default","ast-global-header-display":"","ast-banner-title-visibility":"","ast-main-header-display":"","ast-hfb-above-header-display":"","ast-hfb-below-header-display":"","ast-hfb-mobile-header-display":"","site-post-title":"disabled","ast-breadcrumbs-content":"","ast-featured-img":"disabled","footer-sml-layout":"","theme-transparent-header-meta":"enabled","adv-header-id-meta":"","stick-header-meta":"","header-above-stick-meta":"","header-main-stick-meta":"","header-below-stick-meta":"","astra-migrate-meta-layouts":"default","ast-page-background-enabled":"default","ast-page-background-meta":{"desktop":{"background-color":"","background-image":"","background-repeat":"repeat","background-position":"center center","background-size":"auto","background-attachment":"scroll","background-type":"","background-media":"","overlay-type":"","overlay-color":"","overlay-gradient":""},"tablet":{"background-color":"","background-image":"","background-repeat":"repeat","background-position":"center center","background-size":"auto","background-attachment":"scroll","background-type":"","background-media":"","overlay-type":"","overlay-color":"","overlay-gradient":""},"mobile":{"background-color":"","background-image":"","background-repeat":"repeat","background-position":"center center","background-size":"auto","background-attachment":"scroll","background-type":"","background-media":"","overlay-type":"","overlay-color":"","overlay-gradient":""}},"ast-content-background-meta":{"desktop":{"background-color":"var(--ast-global-color-5)","background-image":"","background-repeat":"repeat","background-position":"center center","background-size":"auto","background-attachment":"scroll","background-type":"","background-media":"","overlay-type":"","overlay-color":"","overlay-gradient":""},"tablet":{"background-color":"var(--ast-global-color-5)","background-image":"","background-repeat":"repeat","background-position":"center center","background-size":"auto","background-attachment":"scroll","background-type":"","background-media":"","overlay-type":"","overlay-color":"","overlay-gradient":""},"mobile":{"background-color":"var(--ast-global-color-5)","background-image":"","background-repeat":"repeat","background-position":"center center","background-size":"auto","background-attachment":"scroll","background-type":"","background-media":"","overlay-type":"","overlay-color":"","overlay-gradient":""}},"footnotes":""},"yoast_head":"<!-- This site is optimized with the Yoast SEO plugin v24.5 - https:\/\/yoast.com\/wordpress\/plugins\/seo\/ -->\n<title>Home -<\/title>\n<meta name=\"description\" content=\"Lorem Ipsum is simply dummy text of the printing and typesetting industry.\" \/>\n<meta name=\"robots\" content=\"index, follow, max-snippet:-1, max-image-preview:large, max-video-preview:-1\" \/>\n<link rel=\"canonical\" href=\"https:\/\/comerciodearomatizantes.com\/home\/\" \/>\n<meta property=\"og:locale\" content=\"pt_BR\" \/>\n<meta property=\"og:type\" content=\"article\" \/>\n<meta property=\"og:title\" content=\"Home -\" \/>\n<meta property=\"og:description\" content=\"Lorem Ipsum is simply dummy text of the printing and typesetting industry.\" \/>\n<meta property=\"og:url\" content=\"https:\/\/comerciodearomatizantes.com\/home\/\" \/>\n<meta property=\"article:publisher\" content=\"https:\/\/web.facebook.com\/familiasalis\" \/>\n<meta property=\"article:modified_time\" content=\"2024-06-07T12:53:23+00:00\" \/>\n<meta property=\"og:image\" content=\"https:\/\/comerciodearomatizantes.com\/wp-content\/uploads\/2024\/05\/AdobeStock_294423095-scaled.jpeg\" \/>\n<meta name=\"twitter:card\" content=\"summary_large_image\" \/>\n<meta name=\"twitter:label1\" content=\"Est. tempo de leitura\" \/>\n\t<meta name=\"twitter:data1\" content=\"1 minuto\" \/>\n<script type=\"application\/ld+json\" class=\"yoast-schema-graph\">{\"@context\":\"https:\/\/schema.org\",\"@graph\":[{\"@type\":\"WebPage\",\"@id\":\"https:\/\/comerciodearomatizantes.com\/home\/\",\"url\":\"https:\/\/comerciodearomatizantes.com\/home\/\",\"name\":\"Home -\",\"isPartOf\":{\"@id\":\"https:\/\/comerciodearomatizantes.com\/home\/#website\"},\"primaryImageOfPage\":{\"@id\":\"https:\/\/comerciodearomatizantes.com\/home\/#primaryimage\"},\"image\":{\"@id\":\"https:\/\/comerciodearomatizantes.com\/home\/#primaryimage\"},\"thumbnailUrl\":\"https:\/\/comerciodearomatizantes.com\/wp-content\/uploads\/2024\/05\/AdobeStock_294423095-scaled.jpeg\",\"datePublished\":\"2018-11-27T09:16:54+00:00\",\"dateModified\":\"2024-06-07T12:53:23+00:00\",\"description\":\"Lorem Ipsum is simply dummy text of the printing and typesetting industry.\",\"breadcrumb\":{\"@id\":\"https:\/\/comerciodearomatizantes.com\/home\/#breadcrumb\"},\"inLanguage\":\"pt-BR\",\"potentialAction\":[{\"@type\":\"ReadAction\",\"target\":[\"https:\/\/comerciodearomatizantes.com\/home\/\"]}]},{\"@type\":\"ImageObject\",\"inLanguage\":\"pt-BR\",\"@id\":\"https:\/\/comerciodearomatizantes.com\/home\/#primaryimage\",\"url\":\"https:\/\/comerciodearomatizantes.com\/wp-content\/uploads\/2024\/05\/AdobeStock_294423095-scaled.jpeg\",\"contentUrl\":\"https:\/\/comerciodearomatizantes.com\/wp-content\/uploads\/2024\/05\/AdobeStock_294423095-scaled.jpeg\"},{\"@type\":\"BreadcrumbList\",\"@id\":\"https:\/\/comerciodearomatizantes.com\/home\/#breadcrumb\",\"itemListElement\":[{\"@type\":\"ListItem\",\"position\":1,\"name\":\"In\u00edcio\",\"item\":\"https:\/\/comerciodearomatizantes.com\/home\/\"},{\"@type\":\"ListItem\",\"position\":2,\"name\":\"Home\"}]},{\"@type\":\"WebSite\",\"@id\":\"https:\/\/comerciodearomatizantes.com\/home\/#website\",\"url\":\"https:\/\/comerciodearomatizantes.com\/home\/\",\"name\":\"Ana Salis Com\u00e9rcio de Aromatizantes\",\"description\":\"N\u00f3s da Ana Salis Com\u00e9rcio de Aromatizantes, somos uma empresa que busca ser a refer\u00eancia na cria\u00e7\u00e3o de fragr\u00e2ncias \u00fanicas e inspiradoras para atender a quaisquer situa\u00e7\u00f5es. Somos compromissados com a qualidade e inova\u00e7\u00e3o, prestando um servi\u00e7o excepcional, sendo o motor que impulsiona nossa jornada inspiradora rumo ao sucesso.\",\"publisher\":{\"@id\":\"https:\/\/comerciodearomatizantes.com\/home\/#organization\"},\"alternateName\":\"Ana Salis Com\u00e9rcio de Aromatizantes\",\"potentialAction\":[{\"@type\":\"SearchAction\",\"target\":{\"@type\":\"EntryPoint\",\"urlTemplate\":\"https:\/\/comerciodearomatizantes.com\/home\/?s={search_term_string}\"},\"query-input\":{\"@type\":\"PropertyValueSpecification\",\"valueRequired\":true,\"valueName\":\"search_term_string\"}}],\"inLanguage\":\"pt-BR\"},{\"@type\":\"Organization\",\"@id\":\"https:\/\/comerciodearomatizantes.com\/home\/#organization\",\"name\":\"Template wordPress\",\"alternateName\":\"Template wordPress\",\"url\":\"https:\/\/comerciodearomatizantes.com\/home\/\",\"logo\":{\"@type\":\"ImageObject\",\"inLanguage\":\"pt-BR\",\"@id\":\"https:\/\/comerciodearomatizantes.com\/home\/#\/schema\/logo\/image\/\",\"url\":\"https:\/\/comerciodearomatizantes.com\/wp-content\/uploads\/2024\/05\/cropped-LogoCircleV2-Ana-Salis-3.png\",\"contentUrl\":\"https:\/\/comerciodearomatizantes.com\/wp-content\/uploads\/2024\/05\/cropped-LogoCircleV2-Ana-Salis-3.png\",\"width\":512,\"height\":512,\"caption\":\"Template wordPress\"},\"image\":{\"@id\":\"https:\/\/comerciodearomatizantes.com\/home\/#\/schema\/logo\/image\/\"},\"sameAs\":[\"https:\/\/web.facebook.com\/familiasalis\",\"https:\/\/www.instagram.com\/anasalis.artesaperfumista\"]}]}<\/script>\n<!-- \/ Yoast SEO plugin. -->","yoast_head_json":{"title":"Home -","description":"Lorem Ipsum is simply dummy text of the printing and typesetting industry.","robots":{"index":"index","follow":"follow","max-snippet":"max-snippet:-1","max-image-preview":"max-image-preview:large","max-video-preview":"max-video-preview:-1"},"canonical":"https:\/\/comerciodearomatizantes.com\/home\/","og_locale":"pt_BR","og_type":"article","og_title":"Home -","og_description":"Lorem Ipsum is simply dummy text of the printing and typesetting industry.","og_url":"https:\/\/comerciodearomatizantes.com\/home\/","article_publisher":"https:\/\/web.facebook.com\/familiasalis","article_modified_time":"2024-06-07T12:53:23+00:00","og_image":[{"url":"https:\/\/comerciodearomatizantes.com\/wp-content\/uploads\/2024\/05\/AdobeStock_294423095-scaled.jpeg","type":"","width":"","height":""}],"twitter_card":"summary_large_image","twitter_misc":{"Est. tempo de leitura":"1 minuto"},"schema":{"@context":"https:\/\/schema.org","@graph":[{"@type":"WebPage","@id":"https:\/\/comerciodearomatizantes.com\/home\/","url":"https:\/\/comerciodearomatizantes.com\/home\/","name":"Home -","isPartOf":{"@id":"https:\/\/comerciodearomatizantes.com\/home\/#website"},"primaryImageOfPage":{"@id":"https:\/\/comerciodearomatizantes.com\/home\/#primaryimage"},"image":{"@id":"https:\/\/comerciodearomatizantes.com\/home\/#primaryimage"},"thumbnailUrl":"https:\/\/comerciodearomatizantes.com\/wp-content\/uploads\/2024\/05\/AdobeStock_294423095-scaled.jpeg","datePublished":"2018-11-27T09:16:54+00:00","dateModified":"2024-06-07T12:53:23+00:00","description":"Lorem Ipsum is simply dummy text of the printing and typesetting industry.","breadcrumb":{"@id":"https:\/\/comerciodearomatizantes.com\/home\/#breadcrumb"},"inLanguage":"pt-BR","potentialAction":[{"@type":"ReadAction","target":["https:\/\/comerciodearomatizantes.com\/home\/"]}]},{"@type":"ImageObject","inLanguage":"pt-BR","@id":"https:\/\/comerciodearomatizantes.com\/home\/#primaryimage","url":"https:\/\/comerciodearomatizantes.com\/wp-content\/uploads\/2024\/05\/AdobeStock_294423095-scaled.jpeg","contentUrl":"https:\/\/comerciodearomatizantes.com\/wp-content\/uploads\/2024\/05\/AdobeStock_294423095-scaled.jpeg"},{"@type":"BreadcrumbList","@id":"https:\/\/comerciodearomatizantes.com\/home\/#breadcrumb","itemListElement":[{"@type":"ListItem","position":1,"name":"In\u00edcio","item":"https:\/\/comerciodearomatizantes.com\/home\/"},{"@type":"ListItem","position":2,"name":"Home"}]},{"@type":"WebSite","@id":"https:\/\/comerciodearomatizantes.com\/home\/#website","url":"https:\/\/comerciodearomatizantes.com\/home\/","name":"Ana Salis Com\u00e9rcio de Aromatizantes","description":"N\u00f3s da Ana Salis Com\u00e9rcio de Aromatizantes, somos uma empresa que busca ser a refer\u00eancia na cria\u00e7\u00e3o de fragr\u00e2ncias \u00fanicas e inspiradoras para atender a quaisquer situa\u00e7\u00f5es. Somos compromissados com a qualidade e inova\u00e7\u00e3o, prestando um servi\u00e7o excepcional, sendo o motor que impulsiona nossa jornada inspiradora rumo ao sucesso.","publisher":{"@id":"https:\/\/comerciodearomatizantes.com\/home\/#organization"},"alternateName":"Ana Salis Com\u00e9rcio de Aromatizantes","potentialAction":[{"@type":"SearchAction","target":{"@type":"EntryPoint","urlTemplate":"https:\/\/comerciodearomatizantes.com\/home\/?s={search_term_string}"},"query-input":{"@type":"PropertyValueSpecification","valueRequired":true,"valueName":"search_term_string"}}],"inLanguage":"pt-BR"},{"@type":"Organization","@id":"https:\/\/comerciodearomatizantes.com\/home\/#organization","name":"Template wordPress","alternateName":"Template wordPress","url":"https:\/\/comerciodearomatizantes.com\/home\/","logo":{"@type":"ImageObject","inLanguage":"pt-BR","@id":"https:\/\/comerciodearomatizantes.com\/home\/#\/schema\/logo\/image\/","url":"https:\/\/comerciodearomatizantes.com\/wp-content\/uploads\/2024\/05\/cropped-LogoCircleV2-Ana-Salis-3.png","contentUrl":"https:\/\/comerciodearomatizantes.com\/wp-content\/uploads\/2024\/05\/cropped-LogoCircleV2-Ana-Salis-3.png","width":512,"height":512,"caption":"Template wordPress"},"image":{"@id":"https:\/\/comerciodearomatizantes.com\/home\/#\/schema\/logo\/image\/"},"sameAs":["https:\/\/web.facebook.com\/familiasalis","https:\/\/www.instagram.com\/anasalis.artesaperfumista"]}]}},"_links":{"self":[{"href":"https:\/\/comerciodearomatizantes.com\/home\/wp-json\/wp\/v2\/pages\/4"}],"collection":[{"href":"https:\/\/comerciodearomatizantes.com\/home\/wp-json\/wp\/v2\/pages"}],"about":[{"href":"https:\/\/comerciodearomatizantes.com\/home\/wp-json\/wp\/v2\/types\/page"}],"author":[{"embeddable":true,"href":"https:\/\/comerciodearomatizantes.com\/home\/wp-json\/wp\/v2\/users\/1"}],"replies":[{"embeddable":true,"href":"https:\/\/comerciodearomatizantes.com\/home\/wp-json\/wp\/v2\/comments?post=4"}],"version-history":[{"count":298,"href":"https:\/\/comerciodearomatizantes.com\/home\/wp-json\/wp\/v2\/pages\/4\/revisions"}],"predecessor-version":[{"id":5907,"href":"https:\/\/comerciodearomatizantes.com\/home\/wp-json\/wp\/v2\/pages\/4\/revisions\/5907"}],"wp:attachment":[{"href":"https:\/\/comerciodearomatizantes.com\/home\/wp-json\/wp\/v2\/media?parent=4"}],"curies":[{"name":"wp","href":"https:\/\/api.w.org\/{rel}","templated":true}]}}